{"id":4292,"date":"2025-01-08T11:32:29","date_gmt":"2025-01-08T11:32:29","guid":{"rendered":"https:\/\/greektome.greeklanguage.gr\/teachers\/"},"modified":"2025-08-13T06:22:19","modified_gmt":"2025-08-13T06:22:19","slug":"lehrkraefte","status":"publish","type":"page","link":"https:\/\/greektome.greeklanguage.gr\/de\/lehrkraefte\/","title":{"rendered":"Lehrkr\u00e4fte"},"content":{"rendered":"<h1>Unser Lehrteam<\/h1>\n<div>\n<p>Zentrum f\u00fcr Griechische Sprache<\/p>\n<\/div>\n<p><img decoding=\"async\" src=\"\/wp-content\/uploads\/2025\/01\/lms_team.jpg\" alt=\"\"><br \/>\n<img decoding=\"async\" src=\"\/wp-content\/uploads\/yootheme\/background-square-02.png\" alt=\"\"><br \/>\n<img decoding=\"async\" src=\"\/wp-content\/uploads\/yootheme\/background-square-01.png\" alt=\"\"><br \/>\n<img decoding=\"async\" src=\"\/wp-content\/uploads\/yootheme\/background-square-05.png\" alt=\"\"><br \/>\n<img decoding=\"async\" src=\"\/wp-content\/uploads\/yootheme\/background-square-04.png\" alt=\"\"><\/p>\n<ul>\n<li>\n<p>        <img decoding=\"async\" src=\"\/wp-content\/uploads\/2025\/01\/akonstantinidis.jpg\" alt=\"\"><\/p>\n<h3>Antonis Konstantinidis<\/h3>\n<p>jorjiskonsta@gmail.com<\/p>\n<div>\n<p>Hallo! <br \/>Ich bin Antonis Konstantinidis, Lehrer und Koordinator des Programms Greek to Me. Ich unterrichte seit 2012 Griechisch, nachdem ich mein Studium der Griechischen Sprache und Literatur an der Aristoteles-Universit\u00e4t Thessaloniki abgeschlossen habe.<\/p>\n<p>Zurzeit promoviere ich im Bereich Angewandte Linguistik. Ich kombiniere gerne akademische Erfahrung mit praxisnaher Methodik. Ich spreche flie\u00dfend Englisch (C2) und verstehe Spanisch (B2), Deutsch (B1) und Farsi (B1), was mir hilft, auf die Bed\u00fcrfnisse der Lernenden einzugehen.<\/p>\n<p>Ich war Lehrkraft in der Sekundarstufe und Forscher im Projekt \u201emiGRant\u201c, das sich mit den Sprachpraktiken griechischer Jugendlicher in Australien und Deutschland besch\u00e4ftigte. Seit 2023 bin ich wissenschaftlicher Koordinator des Projekts \u201eTeach4Integration\u201c, das Lehrkr\u00e4fte in der Sprachf\u00f6rderung von Migranten und Gefl\u00fcchteten schult.<\/p>\n<p>Mein Ziel ist es, ein motivierendes, personalisiertes Lernumfeld zu schaffen \u2013 mit einer Kombination aus traditionellen Methoden und modernen digitalen Tools.<\/p>\n<\/div>\n<\/li>\n<li>\n<p>        <img decoding=\"async\" src=\"\/wp-content\/uploads\/2025\/01\/vpanagiotidou.jpg\" alt=\"\"><\/p>\n<h3>Victoria Panagiotidou<\/h3>\n<p>panagiotidouviktoria@gmail.com<\/p>\n<div>\n<p>Hallo! <br \/>Ich bin Vicky Panagiotidou, Forscherin am Zentrum f\u00fcr Griechische Sprache und Mitautorin der Lehrbuchreihe \u201eKLIK \u03c3\u03c4\u03b1 \u03b5\u03bb\u03bb\u03b7\u03bd\u03b9\u03ba\u03ac\u201c.<\/p>\n<p>Ich habe einen Doktortitel in Angewandter Linguistik und engagiere mich leidenschaftlich f\u00fcr lebenslanges Lernen. Ich habe Englisch, Franz\u00f6sisch sowie Bildungs- und Sozialpolitik studiert.<\/p>\n<p>Ich schaffe ein inspirierendes Lernumfeld, das nicht nur sprachliche Kompetenzen, sondern auch ein tiefes Verst\u00e4ndnis f\u00fcr die griechische Kultur vermittelt.\u00a0<\/p>\n<\/div>\n<\/li>\n<li>\n<p>        <img decoding=\"async\" src=\"\/wp-content\/uploads\/2025\/01\/angeliki_douri.jpg\" alt=\"\"><\/p>\n<h3>Angeliki Douri<\/h3>\n<p>aggeliki14d@yahoo.com<\/p>\n<div>\n<p>Hallo! <br \/>Ich habe Germanistik an der Universit\u00e4t Freiburg studiert und zwei Masterabschl\u00fcsse in Linguistik und Fremdsprachendidaktik erworben. Ich bin zertifizierte Lehrkraft f\u00fcr Griechisch, Englisch (CELTA) und Deutsch (DLL) mit umfangreicher Online-Erfahrung.<\/p>\n<p>Ich habe f\u00fcr Bildungseinrichtungen in verschiedenen L\u00e4ndern gearbeitet. Meine Interessen umfassen neue Technologien in der Bildung, Sprachpolitik, Inklusion und Sprachkontakt.<\/p>\n<\/div>\n<\/li>\n<li>\n<p>        <img decoding=\"async\" src=\"\/wp-content\/uploads\/2025\/03\/Eva-Achladi-600x350-1.jpg\" alt=\"\"><\/p>\n<h3>Eva (Evangelia) Achladi<\/h3>\n<p>eachladi@gmail.com<\/p>\n<div>\n<p>Hallo, mein Name ist Eva! <br \/>Ich bin seit September 2011 Koordinatorin des Griechischprogramms am Generalkonsulat von Griechenland in Istanbul (Sismanoglio Megaro), T\u00fcrkei. Au\u00dferdem bin ich verantwortlich f\u00fcr das Pr\u00fcfungszentrum des Zentrums f\u00fcr die Griechische Sprache in Istanbul.<\/p>\n<p>Ich habe viele Jahre lang Griechisch als Zweit- bzw. Fremdsprache sowohl an der Universit\u00e4t Ankara als auch an der Bosporus-Universit\u00e4t unterrichtet. Ich habe die Bildungs- und Sozialgeschichte der griechisch-orthodoxen Gemeinden in Kleinasien sowie die griechisch-kleinasiatischen Dialekte erforscht. Mit gro\u00dfem Interesse verfolge ich wissenschaftliche Entwicklungen im Bereich des Unterrichts von Griechisch als Zweit-\/Fremdsprache f\u00fcr Erwachsene, um moderne Methoden kennenzulernen, mit denen ich meine Studierenden bestm\u00f6glich unterst\u00fctzen kann.<\/p>\n<p>In meinem Unterricht kombiniere ich Lehrb\u00fccher und audiovisuelle Medien, um eine angenehme Atmosph\u00e4re zu schaffen, in der wir Griechisch lernen und dabei Spa\u00df haben. Ich freue mich darauf, Sie im Unterricht zu sehen!<\/p>\n<\/div>\n<\/li>\n<\/ul>\n<p><!--more--><br \/>\n<!-- {\"type\":\"layout\",\"children\":[{\"type\":\"section\",\"props\":{\"animation\":\"slide-bottom-medium\",\"animation_delay\":\"200\",\"header_transparent\":true,\"header_transparent_text_color\":\"dark\",\"image_position\":\"center-center\",\"overlap\":false,\"padding\":\"large\",\"padding_remove_bottom\":true,\"style\":\"default\",\"title_breakpoint\":\"xl\",\"title_position\":\"top-left\",\"title_rotation\":\"left\",\"vertical_align\":\"\",\"width\":\"small\"},\"children\":[{\"type\":\"row\",\"children\":[{\"type\":\"column\",\"props\":{\"image_position\":\"center-center\",\"position_sticky_breakpoint\":\"m\"},\"children\":[{\"type\":\"headline\",\"props\":{\"animation\":\"none\",\"content\":\"Unser Lehrteam\",\"position\":\"relative\",\"position_z_index\":\"1\",\"text_align\":\"center\",\"title_element\":\"h1\",\"title_style\":\"heading-small\"}},{\"type\":\"text\",\"props\":{\"animation\":\"none\",\"block_align\":\"center\",\"column_breakpoint\":\"m\",\"content\":\"\n\n<p>Zentrum f\\u00fcr Griechische Sprache<\\\/p>\",\"margin\":\"default\",\"maxwidth\":\"xlarge\",\"position\":\"relative\",\"position_z_index\":\"1\",\"text_align\":\"center\",\"text_style\":\"lead\"}},{\"type\":\"image\",\"props\":{\"image\":\"wp-content\\\/uploads\\\/2025\\\/01\\\/lms_team.jpg\",\"image_box_decoration\":\"mask\",\"image_box_shadow\":\"medium\",\"image_svg_color\":\"emphasis\",\"margin\":\"default\",\"text_align\":\"center\"}},{\"type\":\"image\",\"props\":{\"image\":\"wp-content\\\/uploads\\\/yootheme\\\/background-square-02.png\",\"image_loading\":true,\"image_svg_color\":\"emphasis\",\"image_width\":\"1100\",\"margin\":\"default\",\"position\":\"absolute\",\"position_left\":\"-52vw\",\"position_top\":\"-30vh\",\"position_z_index\":\"0\",\"visibility\":\"m\"}},{\"type\":\"image\",\"props\":{\"image\":\"wp-content\\\/uploads\\\/yootheme\\\/background-square-01.png\",\"image_loading\":true,\"image_svg_color\":\"emphasis\",\"image_width\":\"600\",\"margin\":\"default\",\"position\":\"absolute\",\"position_left\":\"-25vw\",\"position_top\":\"22vh\",\"position_z_index\":\"0\",\"visibility\":\"xl\"}},{\"type\":\"image\",\"props\":{\"image\":\"wp-content\\\/uploads\\\/yootheme\\\/background-square-05.png\",\"image_loading\":true,\"image_svg_color\":\"emphasis\",\"image_width\":\"600\",\"margin\":\"default\",\"position\":\"absolute\",\"position_left\":\"35vw\",\"position_top\":\"-550\",\"position_z_index\":\"0\",\"visibility\":\"l\"}},{\"type\":\"image\",\"props\":{\"image\":\"wp-content\\\/uploads\\\/yootheme\\\/background-square-04.png\",\"image_loading\":true,\"image_svg_color\":\"emphasis\",\"image_width\":\"900\",\"margin\":\"default\",\"position\":\"absolute\",\"position_left\":\"54vw\",\"position_top\":\"-27vh\",\"position_z_index\":\"0\",\"visibility\":\"m\"}}]}]}],\"name\":\"Hero\"},{\"type\":\"section\",\"props\":{\"image_position\":\"center-center\",\"style\":\"default\",\"title_breakpoint\":\"xl\",\"title_position\":\"top-left\",\"title_rotation\":\"left\",\"vertical_align\":\"middle\",\"width\":\"default\"},\"children\":[{\"type\":\"row\",\"children\":[{\"type\":\"column\",\"props\":{\"image_position\":\"center-center\",\"position_sticky_breakpoint\":\"m\"},\"children\":[{\"type\":\"grid\",\"props\":{\"animation\":\"none\",\"content_column_breakpoint\":\"m\",\"filter_align\":\"left\",\"filter_all\":true,\"filter_grid_breakpoint\":\"m\",\"filter_grid_width\":\"auto\",\"filter_position\":\"top\",\"filter_style\":\"tab\",\"grid_column_gap\":\"medium\",\"grid_default\":\"1\",\"grid_divider\":false,\"grid_medium\":\"\",\"grid_row_gap\":\"large\",\"grid_small\":\"3\",\"icon_width\":80,\"image_align\":\"top\",\"image_grid_breakpoint\":\"m\",\"image_grid_width\":\"1-2\",\"image_svg_color\":\"emphasis\",\"image_width\":\"610\",\"item_animation\":true,\"lightbox_bg_close\":true,\"link_style\":\"default\",\"link_text\":\"Read more\",\"margin\":\"default\",\"meta_align\":\"below-title\",\"meta_color\":\"muted\",\"meta_element\":\"div\",\"meta_margin\":\"remove\",\"meta_style\":\"text-meta\",\"parallax_easing\":\"1\",\"show_content\":true,\"show_hover_image\":true,\"show_hover_video\":true,\"show_image\":true,\"show_link\":true,\"show_meta\":true,\"show_title\":true,\"show_video\":true,\"text_align\":\"justify\",\"title_align\":\"top\",\"title_element\":\"h3\",\"title_grid_breakpoint\":\"m\",\"title_grid_width\":\"1-2\",\"title_hover_style\":\"reset\",\"title_style\":\"h4\"},\"children\":[{\"type\":\"grid_item\",\"props\":{\"content\":\"\n\n<p>Hallo! <br \\\/>Ich bin Antonis Konstantinidis, Lehrer und Koordinator des Programms Greek to Me. Ich unterrichte seit 2012 Griechisch, nachdem ich mein Studium der Griechischen Sprache und Literatur an der Aristoteles-Universit\\u00e4t Thessaloniki abgeschlossen habe.<\\\/p>\\n\n\n<p>Zurzeit promoviere ich im Bereich Angewandte Linguistik. Ich kombiniere gerne akademische Erfahrung mit praxisnaher Methodik. Ich spreche flie\\u00dfend Englisch (C2) und verstehe Spanisch (B2), Deutsch (B1) und Farsi (B1), was mir hilft, auf die Bed\\u00fcrfnisse der Lernenden einzugehen.<\\\/p>\\n\n\n<p>Ich war Lehrkraft in der Sekundarstufe und Forscher im Projekt \\u201emiGRant\\u201c, das sich mit den Sprachpraktiken griechischer Jugendlicher in Australien und Deutschland besch\\u00e4ftigte. Seit 2023 bin ich wissenschaftlicher Koordinator des Projekts \\u201eTeach4Integration\\u201c, das Lehrkr\\u00e4fte in der Sprachf\\u00f6rderung von Migranten und Gefl\\u00fcchteten schult.<\\\/p>\\n\n\n<p>Mein Ziel ist es, ein motivierendes, personalisiertes Lernumfeld zu schaffen \\u2013 mit einer Kombination aus traditionellen Methoden und modernen digitalen Tools.<\\\/p>\",\"image\":\"wp-content\\\/uploads\\\/2025\\\/01\\\/akonstantinidis.jpg\",\"meta\":\"jorjiskonsta@gmail.com\",\"title\":\"Antonis Konstantinidis\"}},{\"type\":\"grid_item\",\"props\":{\"content\":\"\n\n<p>Hallo! <br \\\/>Ich bin Vicky Panagiotidou, Forscherin am Zentrum f\\u00fcr Griechische Sprache und Mitautorin der Lehrbuchreihe \\u201eKLIK \\u03c3\\u03c4\\u03b1 \\u03b5\\u03bb\\u03bb\\u03b7\\u03bd\\u03b9\\u03ba\\u03ac\\u201c.<\\\/p>\\n\n\n<p>Ich habe einen Doktortitel in Angewandter Linguistik und engagiere mich leidenschaftlich f\\u00fcr lebenslanges Lernen. Ich habe Englisch, Franz\\u00f6sisch sowie Bildungs- und Sozialpolitik studiert.<\\\/p>\\n\n\n<p>Ich schaffe ein inspirierendes Lernumfeld, das nicht nur sprachliche Kompetenzen, sondern auch ein tiefes Verst\\u00e4ndnis f\\u00fcr die griechische Kultur vermittelt.\\u00a0<\\\/p>\",\"image\":\"wp-content\\\/uploads\\\/2025\\\/01\\\/vpanagiotidou.jpg\",\"meta\":\"panagiotidouviktoria@gmail.com\",\"title\":\"Victoria Panagiotidou\"}},{\"type\":\"grid_item\",\"props\":{\"content\":\"\n\n<p>Hallo! <br \\\/>Ich habe Germanistik an der Universit\\u00e4t Freiburg studiert und zwei Masterabschl\\u00fcsse in Linguistik und Fremdsprachendidaktik erworben. Ich bin zertifizierte Lehrkraft f\\u00fcr Griechisch, Englisch (CELTA) und Deutsch (DLL) mit umfangreicher Online-Erfahrung.<\\\/p>\\n\n\n<p>Ich habe f\\u00fcr Bildungseinrichtungen in verschiedenen L\\u00e4ndern gearbeitet. Meine Interessen umfassen neue Technologien in der Bildung, Sprachpolitik, Inklusion und Sprachkontakt.<\\\/p>\",\"image\":\"wp-content\\\/uploads\\\/2025\\\/01\\\/angeliki_douri.jpg\",\"meta\":\"aggeliki14d@yahoo.com\",\"title\":\"Angeliki Douri\"}},{\"type\":\"grid_item\",\"props\":{\"content\":\"\n\n<p>Hallo, mein Name ist Eva! <br \\\/>Ich bin seit September 2011 Koordinatorin des Griechischprogramms am Generalkonsulat von Griechenland in Istanbul (Sismanoglio Megaro), T\\u00fcrkei. Au\\u00dferdem bin ich verantwortlich f\\u00fcr das Pr\\u00fcfungszentrum des Zentrums f\\u00fcr die Griechische Sprache in Istanbul.<\\\/p>\\n\n\n<p>Ich habe viele Jahre lang Griechisch als Zweit- bzw. Fremdsprache sowohl an der Universit\\u00e4t Ankara als auch an der Bosporus-Universit\\u00e4t unterrichtet. Ich habe die Bildungs- und Sozialgeschichte der griechisch-orthodoxen Gemeinden in Kleinasien sowie die griechisch-kleinasiatischen Dialekte erforscht. Mit gro\\u00dfem Interesse verfolge ich wissenschaftliche Entwicklungen im Bereich des Unterrichts von Griechisch als Zweit-\\\/Fremdsprache f\\u00fcr Erwachsene, um moderne Methoden kennenzulernen, mit denen ich meine Studierenden bestm\\u00f6glich unterst\\u00fctzen kann.<\\\/p>\\n\n\n<p>In meinem Unterricht kombiniere ich Lehrb\\u00fccher und audiovisuelle Medien, um eine angenehme Atmosph\\u00e4re zu schaffen, in der wir Griechisch lernen und dabei Spa\\u00df haben. Ich freue mich darauf, Sie im Unterricht zu sehen!<\\\/p>\",\"image\":\"wp-content\\\/uploads\\\/2025\\\/03\\\/Eva-Achladi-600x350-1.jpg\",\"meta\":\"eachladi@gmail.com\",\"title\":\"Eva (Evangelia) Achladi\"}}],\"name\":\"grid1\"}]}]}]}],\"version\":\"4.5.24\"} --><\/p>\n","protected":false},"excerpt":{"rendered":"<p>Unser Lehrteam Zentrum f\u00fcr Griechische Sprache Antonis Konstantinidis jorjiskonsta@gmail.com Hallo! Ich bin Antonis Konstantinidis, Lehrer und Koordinator des Programms Greek to Me. Ich unterrichte seit 2012 Griechisch, nachdem ich mein Studium der Griechischen Sprache und Literatur an der Aristoteles-Universit\u00e4t Thessaloniki abgeschlossen habe. Zurzeit promoviere ich im Bereich Angewandte Linguistik. Ich kombiniere gerne akademische Erfahrung mit [&hellip;]<\/p>\n","protected":false},"author":1,"featured_media":0,"parent":0,"menu_order":0,"comment_status":"closed","ping_status":"closed","template":"","meta":{"_acf_changed":false,"footnotes":""},"class_list":["post-4292","page","type-page","status-publish","hentry"],"acf":[],"yoast_head":"<!-- This site is optimized with the Yoast SEO plugin v26.6 - https:\/\/yoast.com\/wordpress\/plugins\/seo\/ -->\n<title>Lehrkr\u00e4fte - \u0395\u03bb\u03bb\u03b7\u03bd\u03b9\u03ba\u03ac \u03b3\u03b9\u03b1 \u039c\u03ad\u03bd\u03b1<\/title>\n<meta name=\"robots\" content=\"index, follow, max-snippet:-1, max-image-preview:large, max-video-preview:-1\" \/>\n<link rel=\"canonical\" href=\"https:\/\/greektome.greeklanguage.gr\/de\/lehrkraefte\/\" \/>\n<meta property=\"og:locale\" content=\"de_DE\" \/>\n<meta property=\"og:type\" content=\"article\" \/>\n<meta property=\"og:title\" content=\"Lehrkr\u00e4fte - \u0395\u03bb\u03bb\u03b7\u03bd\u03b9\u03ba\u03ac \u03b3\u03b9\u03b1 \u039c\u03ad\u03bd\u03b1\" \/>\n<meta property=\"og:description\" content=\"Unser Lehrteam Zentrum f\u00fcr Griechische Sprache Antonis Konstantinidis jorjiskonsta@gmail.com Hallo! Ich bin Antonis Konstantinidis, Lehrer und Koordinator des Programms Greek to Me. Ich unterrichte seit 2012 Griechisch, nachdem ich mein Studium der Griechischen Sprache und Literatur an der Aristoteles-Universit\u00e4t Thessaloniki abgeschlossen habe. Zurzeit promoviere ich im Bereich Angewandte Linguistik. Ich kombiniere gerne akademische Erfahrung mit [&hellip;]\" \/>\n<meta property=\"og:url\" content=\"https:\/\/greektome.greeklanguage.gr\/de\/lehrkraefte\/\" \/>\n<meta property=\"og:site_name\" content=\"\u0395\u03bb\u03bb\u03b7\u03bd\u03b9\u03ba\u03ac \u03b3\u03b9\u03b1 \u039c\u03ad\u03bd\u03b1\" \/>\n<meta property=\"article:publisher\" content=\"https:\/\/www.facebook.com\/greeklanguagecentre\" \/>\n<meta property=\"article:modified_time\" content=\"2025-08-13T06:22:19+00:00\" \/>\n<meta property=\"og:image\" content=\"https:\/\/greektome.greeklanguage.gr\/wp-content\/uploads\/2025\/09\/greek_to_me-logo-gradient.png\" \/>\n\t<meta property=\"og:image:width\" content=\"1250\" \/>\n\t<meta property=\"og:image:height\" content=\"1250\" \/>\n\t<meta property=\"og:image:type\" content=\"image\/png\" \/>\n<meta name=\"twitter:card\" content=\"summary_large_image\" \/>\n<meta name=\"twitter:site\" content=\"@greeklangcentre\" \/>\n<meta name=\"twitter:label1\" content=\"Gesch\u00e4tzte Lesezeit\" \/>\n\t<meta name=\"twitter:data1\" content=\"6\u00a0Minuten\" \/>\n<script type=\"application\/ld+json\" class=\"yoast-schema-graph\">{\"@context\":\"https:\/\/schema.org\",\"@graph\":[{\"@type\":\"WebPage\",\"@id\":\"https:\/\/greektome.greeklanguage.gr\/de\/lehrkraefte\/\",\"url\":\"https:\/\/greektome.greeklanguage.gr\/de\/lehrkraefte\/\",\"name\":\"Lehrkr\u00e4fte - \u0395\u03bb\u03bb\u03b7\u03bd\u03b9\u03ba\u03ac \u03b3\u03b9\u03b1 \u039c\u03ad\u03bd\u03b1\",\"isPartOf\":{\"@id\":\"https:\/\/greektome.greeklanguage.gr\/de\/#website\"},\"datePublished\":\"2025-01-08T11:32:29+00:00\",\"dateModified\":\"2025-08-13T06:22:19+00:00\",\"breadcrumb\":{\"@id\":\"https:\/\/greektome.greeklanguage.gr\/de\/lehrkraefte\/#breadcrumb\"},\"inLanguage\":\"de\",\"potentialAction\":[{\"@type\":\"ReadAction\",\"target\":[\"https:\/\/greektome.greeklanguage.gr\/de\/lehrkraefte\/\"]}]},{\"@type\":\"BreadcrumbList\",\"@id\":\"https:\/\/greektome.greeklanguage.gr\/de\/lehrkraefte\/#breadcrumb\",\"itemListElement\":[{\"@type\":\"ListItem\",\"position\":1,\"name\":\"Home\",\"item\":\"https:\/\/greektome.greeklanguage.gr\/de\/\"},{\"@type\":\"ListItem\",\"position\":2,\"name\":\"Lehrkr\u00e4fte\"}]},{\"@type\":\"WebSite\",\"@id\":\"https:\/\/greektome.greeklanguage.gr\/de\/#website\",\"url\":\"https:\/\/greektome.greeklanguage.gr\/de\/\",\"name\":\"\u0395\u03bb\u03bb\u03b7\u03bd\u03b9\u03ba\u03ac \u03b3\u03b9\u03b1 \u039c\u03ad\u03bd\u03b1\",\"description\":\"Distant learning program : Learn Modern Greek\",\"potentialAction\":[{\"@type\":\"SearchAction\",\"target\":{\"@type\":\"EntryPoint\",\"urlTemplate\":\"https:\/\/greektome.greeklanguage.gr\/de\/?s={search_term_string}\"},\"query-input\":{\"@type\":\"PropertyValueSpecification\",\"valueRequired\":true,\"valueName\":\"search_term_string\"}}],\"inLanguage\":\"de\"}]}<\/script>\n<!-- \/ Yoast SEO plugin. -->","yoast_head_json":{"title":"Lehrkr\u00e4fte - \u0395\u03bb\u03bb\u03b7\u03bd\u03b9\u03ba\u03ac \u03b3\u03b9\u03b1 \u039c\u03ad\u03bd\u03b1","robots":{"index":"index","follow":"follow","max-snippet":"max-snippet:-1","max-image-preview":"max-image-preview:large","max-video-preview":"max-video-preview:-1"},"canonical":"https:\/\/greektome.greeklanguage.gr\/de\/lehrkraefte\/","og_locale":"de_DE","og_type":"article","og_title":"Lehrkr\u00e4fte - \u0395\u03bb\u03bb\u03b7\u03bd\u03b9\u03ba\u03ac \u03b3\u03b9\u03b1 \u039c\u03ad\u03bd\u03b1","og_description":"Unser Lehrteam Zentrum f\u00fcr Griechische Sprache Antonis Konstantinidis jorjiskonsta@gmail.com Hallo! Ich bin Antonis Konstantinidis, Lehrer und Koordinator des Programms Greek to Me. Ich unterrichte seit 2012 Griechisch, nachdem ich mein Studium der Griechischen Sprache und Literatur an der Aristoteles-Universit\u00e4t Thessaloniki abgeschlossen habe. Zurzeit promoviere ich im Bereich Angewandte Linguistik. Ich kombiniere gerne akademische Erfahrung mit [&hellip;]","og_url":"https:\/\/greektome.greeklanguage.gr\/de\/lehrkraefte\/","og_site_name":"\u0395\u03bb\u03bb\u03b7\u03bd\u03b9\u03ba\u03ac \u03b3\u03b9\u03b1 \u039c\u03ad\u03bd\u03b1","article_publisher":"https:\/\/www.facebook.com\/greeklanguagecentre","article_modified_time":"2025-08-13T06:22:19+00:00","og_image":[{"width":1250,"height":1250,"url":"https:\/\/greektome.greeklanguage.gr\/wp-content\/uploads\/2025\/09\/greek_to_me-logo-gradient.png","type":"image\/png"}],"twitter_card":"summary_large_image","twitter_site":"@greeklangcentre","twitter_misc":{"Gesch\u00e4tzte Lesezeit":"6\u00a0Minuten"},"schema":{"@context":"https:\/\/schema.org","@graph":[{"@type":"WebPage","@id":"https:\/\/greektome.greeklanguage.gr\/de\/lehrkraefte\/","url":"https:\/\/greektome.greeklanguage.gr\/de\/lehrkraefte\/","name":"Lehrkr\u00e4fte - \u0395\u03bb\u03bb\u03b7\u03bd\u03b9\u03ba\u03ac \u03b3\u03b9\u03b1 \u039c\u03ad\u03bd\u03b1","isPartOf":{"@id":"https:\/\/greektome.greeklanguage.gr\/de\/#website"},"datePublished":"2025-01-08T11:32:29+00:00","dateModified":"2025-08-13T06:22:19+00:00","breadcrumb":{"@id":"https:\/\/greektome.greeklanguage.gr\/de\/lehrkraefte\/#breadcrumb"},"inLanguage":"de","potentialAction":[{"@type":"ReadAction","target":["https:\/\/greektome.greeklanguage.gr\/de\/lehrkraefte\/"]}]},{"@type":"BreadcrumbList","@id":"https:\/\/greektome.greeklanguage.gr\/de\/lehrkraefte\/#breadcrumb","itemListElement":[{"@type":"ListItem","position":1,"name":"Home","item":"https:\/\/greektome.greeklanguage.gr\/de\/"},{"@type":"ListItem","position":2,"name":"Lehrkr\u00e4fte"}]},{"@type":"WebSite","@id":"https:\/\/greektome.greeklanguage.gr\/de\/#website","url":"https:\/\/greektome.greeklanguage.gr\/de\/","name":"\u0395\u03bb\u03bb\u03b7\u03bd\u03b9\u03ba\u03ac \u03b3\u03b9\u03b1 \u039c\u03ad\u03bd\u03b1","description":"Distant learning program : Learn Modern Greek","potentialAction":[{"@type":"SearchAction","target":{"@type":"EntryPoint","urlTemplate":"https:\/\/greektome.greeklanguage.gr\/de\/?s={search_term_string}"},"query-input":{"@type":"PropertyValueSpecification","valueRequired":true,"valueName":"search_term_string"}}],"inLanguage":"de"}]}},"_links":{"self":[{"href":"https:\/\/greektome.greeklanguage.gr\/de\/wp-json\/wp\/v2\/pages\/4292","targetHints":{"allow":["GET"]}}],"collection":[{"href":"https:\/\/greektome.greeklanguage.gr\/de\/wp-json\/wp\/v2\/pages"}],"about":[{"href":"https:\/\/greektome.greeklanguage.gr\/de\/wp-json\/wp\/v2\/types\/page"}],"author":[{"embeddable":true,"href":"https:\/\/greektome.greeklanguage.gr\/de\/wp-json\/wp\/v2\/users\/1"}],"replies":[{"embeddable":true,"href":"https:\/\/greektome.greeklanguage.gr\/de\/wp-json\/wp\/v2\/comments?post=4292"}],"version-history":[{"count":7,"href":"https:\/\/greektome.greeklanguage.gr\/de\/wp-json\/wp\/v2\/pages\/4292\/revisions"}],"predecessor-version":[{"id":4302,"href":"https:\/\/greektome.greeklanguage.gr\/de\/wp-json\/wp\/v2\/pages\/4292\/revisions\/4302"}],"wp:attachment":[{"href":"https:\/\/greektome.greeklanguage.gr\/de\/wp-json\/wp\/v2\/media?parent=4292"}],"curies":[{"name":"wp","href":"https:\/\/api.w.org\/{rel}","templated":true}]}}