{"id":3200,"date":"2025-01-08T11:32:29","date_gmt":"2025-01-08T11:32:29","guid":{"rendered":"https:\/\/greektome.greeklanguage.gr\/teachers\/"},"modified":"2025-11-27T10:21:15","modified_gmt":"2025-11-27T10:21:15","slug":"enseignants","status":"publish","type":"page","link":"https:\/\/greektome.greeklanguage.gr\/fr\/enseignants\/","title":{"rendered":"Enseignants"},"content":{"rendered":"<h1>Rencontrez nos enseignant(e)s<\/h1>\n<div>Centre de la langue grecque<\/div>\n<p><img decoding=\"async\" src=\"\/wp-content\/uploads\/2025\/01\/lms_team.jpg\" alt=\"\"><br \/>\n<img decoding=\"async\" src=\"\/wp-content\/uploads\/yootheme\/background-square-02.png\" alt=\"\"><br \/>\n<img decoding=\"async\" src=\"\/wp-content\/uploads\/yootheme\/background-square-01.png\" alt=\"\"><br \/>\n<img decoding=\"async\" src=\"\/wp-content\/uploads\/yootheme\/background-square-05.png\" alt=\"\"><br \/>\n<img decoding=\"async\" src=\"\/wp-content\/uploads\/yootheme\/background-square-04.png\" alt=\"\"><\/p>\n<ul>\n<li>\n<p>        <img decoding=\"async\" src=\"\/wp-content\/uploads\/2025\/01\/akonstantinidis.jpg\" alt=\"\"><\/p>\n<h3>Antonis Konstantinidis<\/h3>\n<p>jorjiskonsta@gmail.com<\/p>\n<div>\n<p>\u0393\u03b5\u03b9\u03b1 \u03c3\u03bf\u03c5! Salut!<\/p>\n<p>Je suis Antonis Konstantinidis, enseignant dans le programme\u00a0<strong>Learn Modern Greek Online<\/strong>,\u00a0dont je suis \u00e9galement le coordinateur. J\u2019enseigne le grec depuis 2012, ann\u00e9e o\u00f9 j\u2019ai termin\u00e9 ma licence en Langue et Litt\u00e9rature grecques (Universit\u00e9 Aristote de Thessalonique). Actuellement en doctorat en Linguistique Appliqu\u00e9e et \u00c9ducative, j\u2019aime combiner l\u2019expertise acad\u00e9mique avec les comp\u00e9tences p\u00e9dagogiques pratiques acquises \u00e0 travers le tutorat. Ma ma\u00eetrise de l\u2019anglais (C2) et ma capacit\u00e9 \u00e0 comprendre l\u2019espagnol (B2), l\u2019allemand (B1) et le farsi (B1) renforcent ma capacit\u00e9 \u00e0 comprendre les besoins et d\u00e9fis des apprenants en mati\u00e8re d\u2019acquisition d\u2019une langue.<\/p>\n<p>J\u2019ai travaill\u00e9 comme enseignant dans l&rsquo;enseignement secondaire et comme chercheur dans le projet miGRant, qui a \u00e9tudi\u00e9 les pratiques linguistiques des adolescents immigrants grecs en Australie et en Allemagne.<\/p>\n<p>Depuis 2023, je suis coordinateur scientifique du projet <strong>Teach4Integration<\/strong>, qui forme des \u00e9ducateurs \u00e0 l\u2019enseignement du grec aux immigrants et r\u00e9fugi\u00e9s. En cons\u00e9quence, j\u2019ai acquis de l\u2019exp\u00e9rience dans le d\u00e9veloppement de programmes et les plateformes d\u2019\u00e9ducation num\u00e9rique, et j\u2019ai approfondi ma compr\u00e9hension de la communication interculturelle. J\u2019essaie toujours de cr\u00e9er des exp\u00e9riences d\u2019apprentissage engageantes et personnalis\u00e9es, en combinant les m\u00e9thodes d&rsquo;enseignement traditionnelles avec les outils num\u00e9riques modernes pour garantir des r\u00e9sultats d\u2019apprentissage optimaux.<\/p>\n<p>Embarquons ensemble pour un voyage dans la langue et la culture grecques modernes ! \u03a0\u03ac\u03bc\u03b5!<\/p>\n<\/div>\n<\/li>\n<li>\n<p>        <img decoding=\"async\" src=\"\/wp-content\/uploads\/2025\/01\/vpanagiotidou.jpg\" alt=\"\"><\/p>\n<h3>Victoria Panagiotidou<\/h3>\n<p>panagiotidouviktoria@gmail.com<\/p>\n<div>\n<p>Salut! <br \/>Je m\u2019appelle Vicky Panagiotidou, et je suis chercheuse au Centre de la langue grecque et co-auteur de la s\u00e9rie de manuels Klik sta Ellinika. J\u2019ai particip\u00e9 \u00e0 de nombreux programmes ax\u00e9s sur l\u2019enseignement du grec comme langue \u00e9trang\u00e8re. Je suis titulaire d\u2019un doctorat en Linguistique Appliqu\u00e9e et je suis passionn\u00e9e par l\u2019apprentissage continu et l\u2019exploration de nouvelles connaissances. J\u2019ai effectu\u00e9 des \u00e9tudes en Litt\u00e9rature anglaise et fran\u00e7aise \u00e0 l\u2019Universit\u00e9 Aristote de Thessalonique, ainsi qu\u2019en Politique \u00c9ducative et Sociale avec un accent sur l\u2019\u00c9ducation des Adultes \u00e0 l&rsquo;Universit\u00e9 de Mac\u00e9doine (Salonique).<\/p>\n<p>Je suis d\u00e9di\u00e9e \u00e0 la cr\u00e9ation d\u2019un environnement d\u2019apprentissage engageant pour mes \u00e9l\u00e8ves, o\u00f9 ils peuvent non seulement acqu\u00e9rir des comp\u00e9tences linguistiques, mais aussi acqu\u00e9rir une compr\u00e9hension profonde de la culture grecque.<\/p>\n<p>Je crois en la puissance de l\u2019\u00e9ducation pour ouvrir des portes et enrichir des vies, et je m\u2019efforce d\u2019aider mes \u00e9tudiants \u00e0 atteindre leur plein potentiel.<\/p>\n<\/div>\n<\/li>\n<li>\n<p>        <img decoding=\"async\" src=\"\/wp-content\/uploads\/2025\/01\/angeliki_douri.jpg\" alt=\"\"><\/p>\n<h3>Angeliki Douri<\/h3>\n<p>aggeliki14d@yahoo.com<\/p>\n<div>\n<p>Salut! <br \/>Je suis dipl\u00f4m\u00e9e en Philologie allemande avec un master en Linguistique Europ\u00e9enne de l\u2019Universit\u00e9 Albert Ludwig de Fribourg (Allemagne) et un master en Enseignement des Langues et Analyse \u00e0 l\u2019Universit\u00e9 de l\u2019\u00c9g\u00e9e. Je suis une instructrice certifi\u00e9e de grec (plusieurs certifications), d\u2019anglais (CELTA) et d\u2019allemand (DLL) comme langues \u00e9trang\u00e8res, avec une vaste exp\u00e9rience dans l\u2019enseignement en ligne.<\/p>\n<p>Au cours de ma carri\u00e8re, j\u2019ai travaill\u00e9 pour des universit\u00e9s, des \u00e9coles et des institutions dans divers pays.<\/p>\n<p>Mes principaux domaines d\u2019int\u00e9r\u00eat incluent les nouvelles technologies dans l\u2019\u00e9ducation, la politique linguistique, l\u2019\u00e9ducation sp\u00e9cialis\u00e9e et le contact des langues.<\/p>\n<\/div>\n<\/li>\n<li>\n<p>        <img decoding=\"async\" src=\"\/wp-content\/uploads\/2025\/03\/Eva-Achladi-600x350-1.jpg\" alt=\"\"><\/p>\n<h3>Eva (Evangelia) Achladi<\/h3>\n<p>eachladi@gmail.com<\/p>\n<div>\n<p>\u0393\u03b5\u03b9\u03b1 \u03c3\u03b1\u03c2, \u03bc\u03b5 \u03bb\u03ad\u03bd\u03b5 \u0395\u03cd\u03b1! Bonjour, je m\u2019appelle Eva!<\/p>\n<p>Je suis la coordinatrice du Programme de langue grecque au Consulat g\u00e9n\u00e9ral de Gr\u00e8ce \u00e0 Istanbul (M\u00e9garon Sismanoglio), en Turquie, depuis septembre 2011. Je suis \u00e9galement responsable du Centre d\u2019examen du Centre pour la langue grecque \u00e0 Istanbul.<\/p>\n<p>J\u2019enseigne le grec comme langue seconde\/\u00e9trang\u00e8re depuis de nombreuses ann\u00e9es, tant \u00e0 l\u2019Universit\u00e9 d\u2019Ankara qu\u2019\u00e0 l\u2019Universit\u00e9 du Bosphore. J\u2019ai \u00e9tudi\u00e9 l\u2019histoire \u00e9ducative et sociale des communaut\u00e9s grecques orthodoxes d\u2019Asie Mineure, ainsi que les dialectes gr\u00e9co-anatoliens. J\u2019aime me tenir au courant des avanc\u00e9es scientifiques dans le domaine de l\u2019enseignement du grec langue seconde\/\u00e9trang\u00e8re pour adultes, afin de d\u00e9couvrir des m\u00e9thodes actuelles pour accompagner au mieux mes apprenants.<\/p>\n<p>Dans mes cours, j\u2019associe manuels et supports audiovisuels, en cr\u00e9ant une atmosph\u00e8re agr\u00e9able o\u00f9 nous apprenons le grec tout en nous amusant. J\u2019ai h\u00e2te de vous retrouver en classe!<\/p>\n<\/div>\n<\/li>\n<\/ul>\n<p><!--more--><br \/>\n<!-- {\"type\":\"layout\",\"children\":[{\"type\":\"section\",\"props\":{\"animation\":\"slide-bottom-medium\",\"animation_delay\":\"200\",\"header_transparent\":true,\"header_transparent_text_color\":\"dark\",\"image_position\":\"center-center\",\"overlap\":false,\"padding\":\"large\",\"padding_remove_bottom\":true,\"style\":\"default\",\"title_breakpoint\":\"xl\",\"title_position\":\"top-left\",\"title_rotation\":\"left\",\"vertical_align\":\"\",\"width\":\"small\"},\"children\":[{\"type\":\"row\",\"children\":[{\"type\":\"column\",\"props\":{\"image_position\":\"center-center\",\"position_sticky_breakpoint\":\"m\"},\"children\":[{\"type\":\"headline\",\"props\":{\"animation\":\"none\",\"content\":\"Rencontrez nos enseignant(e)s\",\"position\":\"relative\",\"position_z_index\":\"1\",\"text_align\":\"center\",\"title_element\":\"h1\",\"title_style\":\"heading-small\"}},{\"type\":\"text\",\"props\":{\"animation\":\"none\",\"block_align\":\"center\",\"column_breakpoint\":\"m\",\"content\":\"Centre de la langue grecque\",\"margin\":\"default\",\"maxwidth\":\"xlarge\",\"position\":\"relative\",\"position_z_index\":\"1\",\"text_align\":\"center\",\"text_style\":\"lead\"}},{\"type\":\"image\",\"props\":{\"image\":\"wp-content\\\/uploads\\\/2025\\\/01\\\/lms_team.jpg\",\"image_box_decoration\":\"mask\",\"image_box_shadow\":\"medium\",\"image_svg_color\":\"emphasis\",\"margin\":\"default\",\"text_align\":\"center\"}},{\"type\":\"image\",\"props\":{\"image\":\"wp-content\\\/uploads\\\/yootheme\\\/background-square-02.png\",\"image_loading\":true,\"image_svg_color\":\"emphasis\",\"image_width\":\"1100\",\"margin\":\"default\",\"position\":\"absolute\",\"position_left\":\"-52vw\",\"position_top\":\"-30vh\",\"position_z_index\":\"0\",\"visibility\":\"m\"}},{\"type\":\"image\",\"props\":{\"image\":\"wp-content\\\/uploads\\\/yootheme\\\/background-square-01.png\",\"image_loading\":true,\"image_svg_color\":\"emphasis\",\"image_width\":\"600\",\"margin\":\"default\",\"position\":\"absolute\",\"position_left\":\"-25vw\",\"position_top\":\"22vh\",\"position_z_index\":\"0\",\"visibility\":\"xl\"}},{\"type\":\"image\",\"props\":{\"image\":\"wp-content\\\/uploads\\\/yootheme\\\/background-square-05.png\",\"image_loading\":true,\"image_svg_color\":\"emphasis\",\"image_width\":\"600\",\"margin\":\"default\",\"position\":\"absolute\",\"position_left\":\"35vw\",\"position_top\":\"-550\",\"position_z_index\":\"0\",\"visibility\":\"l\"}},{\"type\":\"image\",\"props\":{\"image\":\"wp-content\\\/uploads\\\/yootheme\\\/background-square-04.png\",\"image_loading\":true,\"image_svg_color\":\"emphasis\",\"image_width\":\"900\",\"margin\":\"default\",\"position\":\"absolute\",\"position_left\":\"54vw\",\"position_top\":\"-27vh\",\"position_z_index\":\"0\",\"visibility\":\"m\"}}]}]}],\"name\":\"Hero\"},{\"type\":\"section\",\"props\":{\"image_position\":\"center-center\",\"style\":\"default\",\"title_breakpoint\":\"xl\",\"title_position\":\"top-left\",\"title_rotation\":\"left\",\"vertical_align\":\"middle\",\"width\":\"default\"},\"children\":[{\"type\":\"row\",\"children\":[{\"type\":\"column\",\"props\":{\"image_position\":\"center-center\",\"position_sticky_breakpoint\":\"m\"},\"children\":[{\"type\":\"grid\",\"props\":{\"animation\":\"none\",\"content_column_breakpoint\":\"m\",\"filter_align\":\"left\",\"filter_all\":true,\"filter_grid_breakpoint\":\"m\",\"filter_grid_width\":\"auto\",\"filter_position\":\"top\",\"filter_style\":\"tab\",\"grid_column_gap\":\"medium\",\"grid_default\":\"1\",\"grid_divider\":false,\"grid_medium\":\"\",\"grid_row_gap\":\"large\",\"grid_small\":\"3\",\"icon_width\":80,\"image_align\":\"top\",\"image_grid_breakpoint\":\"m\",\"image_grid_width\":\"1-2\",\"image_svg_color\":\"emphasis\",\"image_width\":\"610\",\"item_animation\":true,\"lightbox_bg_close\":true,\"link_style\":\"default\",\"link_text\":\"Read more\",\"margin\":\"default\",\"meta_align\":\"below-title\",\"meta_color\":\"muted\",\"meta_element\":\"div\",\"meta_margin\":\"remove\",\"meta_style\":\"text-meta\",\"parallax_easing\":\"1\",\"show_content\":true,\"show_hover_image\":true,\"show_hover_video\":true,\"show_image\":true,\"show_link\":true,\"show_meta\":true,\"show_title\":true,\"show_video\":true,\"text_align\":\"justify\",\"title_align\":\"top\",\"title_element\":\"h3\",\"title_grid_breakpoint\":\"m\",\"title_grid_width\":\"1-2\",\"title_hover_style\":\"reset\",\"title_style\":\"h4\"},\"children\":[{\"type\":\"grid_item\",\"props\":{\"content\":\"\n\n<p>\\u0393\\u03b5\\u03b9\\u03b1 \\u03c3\\u03bf\\u03c5! Salut!<\\\/p>\\n\n\n<p>Je suis Antonis Konstantinidis, enseignant dans le programme\\u00a0<strong>Learn Modern Greek Online<\\\/strong>,\\u00a0dont je suis \\u00e9galement le coordinateur. J\\u2019enseigne le grec depuis 2012, ann\\u00e9e o\\u00f9 j\\u2019ai termin\\u00e9 ma licence en Langue et Litt\\u00e9rature grecques (Universit\\u00e9 Aristote de Thessalonique). Actuellement en doctorat en Linguistique Appliqu\\u00e9e et \\u00c9ducative, j\\u2019aime combiner l\\u2019expertise acad\\u00e9mique avec les comp\\u00e9tences p\\u00e9dagogiques pratiques acquises \\u00e0 travers le tutorat. Ma ma\\u00eetrise de l\\u2019anglais (C2) et ma capacit\\u00e9 \\u00e0 comprendre l\\u2019espagnol (B2), l\\u2019allemand (B1) et le farsi (B1) renforcent ma capacit\\u00e9 \\u00e0 comprendre les besoins et d\\u00e9fis des apprenants en mati\\u00e8re d\\u2019acquisition d\\u2019une langue.<\\\/p>\\n\n\n<p>J\\u2019ai travaill\\u00e9 comme enseignant dans l'enseignement secondaire et comme chercheur dans le projet miGRant, qui a \\u00e9tudi\\u00e9 les pratiques linguistiques des adolescents immigrants grecs en Australie et en Allemagne.<\\\/p>\\n\n\n<p>Depuis 2023, je suis coordinateur scientifique du projet <strong>Teach4Integration<\\\/strong>, qui forme des \\u00e9ducateurs \\u00e0 l\\u2019enseignement du grec aux immigrants et r\\u00e9fugi\\u00e9s. En cons\\u00e9quence, j\\u2019ai acquis de l\\u2019exp\\u00e9rience dans le d\\u00e9veloppement de programmes et les plateformes d\\u2019\\u00e9ducation num\\u00e9rique, et j\\u2019ai approfondi ma compr\\u00e9hension de la communication interculturelle. J\\u2019essaie toujours de cr\\u00e9er des exp\\u00e9riences d\\u2019apprentissage engageantes et personnalis\\u00e9es, en combinant les m\\u00e9thodes d'enseignement traditionnelles avec les outils num\\u00e9riques modernes pour garantir des r\\u00e9sultats d\\u2019apprentissage optimaux.<\\\/p>\\n\n\n<p>Embarquons ensemble pour un voyage dans la langue et la culture grecques modernes ! \\u03a0\\u03ac\\u03bc\\u03b5!<\\\/p>\",\"image\":\"wp-content\\\/uploads\\\/2025\\\/01\\\/akonstantinidis.jpg\",\"meta\":\"jorjiskonsta@gmail.com\",\"title\":\"Antonis Konstantinidis\"}},{\"type\":\"grid_item\",\"props\":{\"content\":\"\n\n<p>Salut! <br \\\/>Je m\\u2019appelle Vicky Panagiotidou, et je suis chercheuse au Centre de la langue grecque et co-auteur de la s\\u00e9rie de manuels Klik sta Ellinika. J\\u2019ai particip\\u00e9 \\u00e0 de nombreux programmes ax\\u00e9s sur l\\u2019enseignement du grec comme langue \\u00e9trang\\u00e8re. Je suis titulaire d\\u2019un doctorat en Linguistique Appliqu\\u00e9e et je suis passionn\\u00e9e par l\\u2019apprentissage continu et l\\u2019exploration de nouvelles connaissances. J\\u2019ai effectu\\u00e9 des \\u00e9tudes en Litt\\u00e9rature anglaise et fran\\u00e7aise \\u00e0 l\\u2019Universit\\u00e9 Aristote de Thessalonique, ainsi qu\\u2019en Politique \\u00c9ducative et Sociale avec un accent sur l\\u2019\\u00c9ducation des Adultes \\u00e0 l'Universit\\u00e9 de Mac\\u00e9doine (Salonique).<\\\/p>\\n\n\n<p>Je suis d\\u00e9di\\u00e9e \\u00e0 la cr\\u00e9ation d\\u2019un environnement d\\u2019apprentissage engageant pour mes \\u00e9l\\u00e8ves, o\\u00f9 ils peuvent non seulement acqu\\u00e9rir des comp\\u00e9tences linguistiques, mais aussi acqu\\u00e9rir une compr\\u00e9hension profonde de la culture grecque.<\\\/p>\\n\n\n<p>Je crois en la puissance de l\\u2019\\u00e9ducation pour ouvrir des portes et enrichir des vies, et je m\\u2019efforce d\\u2019aider mes \\u00e9tudiants \\u00e0 atteindre leur plein potentiel.<\\\/p>\",\"image\":\"wp-content\\\/uploads\\\/2025\\\/01\\\/vpanagiotidou.jpg\",\"meta\":\"panagiotidouviktoria@gmail.com\",\"title\":\"Victoria Panagiotidou\"}},{\"type\":\"grid_item\",\"props\":{\"content\":\"\n\n<p>Salut! <br \\\/>Je suis dipl\\u00f4m\\u00e9e en Philologie allemande avec un master en Linguistique Europ\\u00e9enne de l\\u2019Universit\\u00e9 Albert Ludwig de Fribourg (Allemagne) et un master en Enseignement des Langues et Analyse \\u00e0 l\\u2019Universit\\u00e9 de l\\u2019\\u00c9g\\u00e9e. Je suis une instructrice certifi\\u00e9e de grec (plusieurs certifications), d\\u2019anglais (CELTA) et d\\u2019allemand (DLL) comme langues \\u00e9trang\\u00e8res, avec une vaste exp\\u00e9rience dans l\\u2019enseignement en ligne.<\\\/p>\\n\n\n<p>Au cours de ma carri\\u00e8re, j\\u2019ai travaill\\u00e9 pour des universit\\u00e9s, des \\u00e9coles et des institutions dans divers pays.<\\\/p>\\n\n\n<p>Mes principaux domaines d\\u2019int\\u00e9r\\u00eat incluent les nouvelles technologies dans l\\u2019\\u00e9ducation, la politique linguistique, l\\u2019\\u00e9ducation sp\\u00e9cialis\\u00e9e et le contact des langues.<\\\/p>\",\"image\":\"wp-content\\\/uploads\\\/2025\\\/01\\\/angeliki_douri.jpg\",\"meta\":\"aggeliki14d@yahoo.com\",\"title\":\"Angeliki Douri\"}},{\"type\":\"grid_item\",\"props\":{\"content\":\"\n\n<p>\\u0393\\u03b5\\u03b9\\u03b1 \\u03c3\\u03b1\\u03c2, \\u03bc\\u03b5 \\u03bb\\u03ad\\u03bd\\u03b5 \\u0395\\u03cd\\u03b1! Bonjour, je m\\u2019appelle Eva!<\\\/p>\\n\n\n<p>Je suis la coordinatrice du Programme de langue grecque au Consulat g\\u00e9n\\u00e9ral de Gr\\u00e8ce \\u00e0 Istanbul (M\\u00e9garon Sismanoglio), en Turquie, depuis septembre 2011. Je suis \\u00e9galement responsable du Centre d\\u2019examen du Centre pour la langue grecque \\u00e0 Istanbul.<\\\/p>\\n\n\n<p>J\\u2019enseigne le grec comme langue seconde\\\/\\u00e9trang\\u00e8re depuis de nombreuses ann\\u00e9es, tant \\u00e0 l\\u2019Universit\\u00e9 d\\u2019Ankara qu\\u2019\\u00e0 l\\u2019Universit\\u00e9 du Bosphore. J\\u2019ai \\u00e9tudi\\u00e9 l\\u2019histoire \\u00e9ducative et sociale des communaut\\u00e9s grecques orthodoxes d\\u2019Asie Mineure, ainsi que les dialectes gr\\u00e9co-anatoliens. J\\u2019aime me tenir au courant des avanc\\u00e9es scientifiques dans le domaine de l\\u2019enseignement du grec langue seconde\\\/\\u00e9trang\\u00e8re pour adultes, afin de d\\u00e9couvrir des m\\u00e9thodes actuelles pour accompagner au mieux mes apprenants.<\\\/p>\\n\n\n<p>Dans mes cours, j\\u2019associe manuels et supports audiovisuels, en cr\\u00e9ant une atmosph\\u00e8re agr\\u00e9able o\\u00f9 nous apprenons le grec tout en nous amusant. J\\u2019ai h\\u00e2te de vous retrouver en classe!<\\\/p>\",\"image\":\"wp-content\\\/uploads\\\/2025\\\/03\\\/Eva-Achladi-600x350-1.jpg\",\"meta\":\"eachladi@gmail.com\",\"title\":\"Eva (Evangelia) Achladi\"}}],\"name\":\"grid1\"}]}]}]}],\"version\":\"4.5.32\"} --><\/p>\n","protected":false},"excerpt":{"rendered":"<p>Rencontrez nos enseignant(e)s Centre de la langue grecque Antonis Konstantinidis jorjiskonsta@gmail.com \u0393\u03b5\u03b9\u03b1 \u03c3\u03bf\u03c5! Salut! Je suis Antonis Konstantinidis, enseignant dans le programme\u00a0Learn Modern Greek Online,\u00a0dont je suis \u00e9galement le coordinateur. J\u2019enseigne le grec depuis 2012, ann\u00e9e o\u00f9 j\u2019ai termin\u00e9 ma licence en Langue et Litt\u00e9rature grecques (Universit\u00e9 Aristote de Thessalonique). Actuellement en doctorat en Linguistique [&hellip;]<\/p>\n","protected":false},"author":1,"featured_media":0,"parent":0,"menu_order":0,"comment_status":"closed","ping_status":"closed","template":"","meta":{"_acf_changed":false,"footnotes":""},"class_list":["post-3200","page","type-page","status-publish","hentry"],"acf":[],"yoast_head":"<!-- This site is optimized with the Yoast SEO plugin v26.6 - https:\/\/yoast.com\/wordpress\/plugins\/seo\/ -->\n<title>Enseignants - \u0395\u03bb\u03bb\u03b7\u03bd\u03b9\u03ba\u03ac \u03b3\u03b9\u03b1 \u039c\u03ad\u03bd\u03b1<\/title>\n<meta name=\"robots\" content=\"index, follow, max-snippet:-1, max-image-preview:large, max-video-preview:-1\" \/>\n<link rel=\"canonical\" href=\"https:\/\/greektome.greeklanguage.gr\/fr\/enseignants\/\" \/>\n<meta property=\"og:locale\" content=\"fr_FR\" \/>\n<meta property=\"og:type\" content=\"article\" \/>\n<meta property=\"og:title\" content=\"Enseignants - \u0395\u03bb\u03bb\u03b7\u03bd\u03b9\u03ba\u03ac \u03b3\u03b9\u03b1 \u039c\u03ad\u03bd\u03b1\" \/>\n<meta property=\"og:description\" content=\"Rencontrez nos enseignant(e)s Centre de la langue grecque Antonis Konstantinidis jorjiskonsta@gmail.com \u0393\u03b5\u03b9\u03b1 \u03c3\u03bf\u03c5! Salut! Je suis Antonis Konstantinidis, enseignant dans le programme\u00a0Learn Modern Greek Online,\u00a0dont je suis \u00e9galement le coordinateur. J\u2019enseigne le grec depuis 2012, ann\u00e9e o\u00f9 j\u2019ai termin\u00e9 ma licence en Langue et Litt\u00e9rature grecques (Universit\u00e9 Aristote de Thessalonique). Actuellement en doctorat en Linguistique [&hellip;]\" \/>\n<meta property=\"og:url\" content=\"https:\/\/greektome.greeklanguage.gr\/fr\/enseignants\/\" \/>\n<meta property=\"og:site_name\" content=\"\u0395\u03bb\u03bb\u03b7\u03bd\u03b9\u03ba\u03ac \u03b3\u03b9\u03b1 \u039c\u03ad\u03bd\u03b1\" \/>\n<meta property=\"article:publisher\" content=\"https:\/\/www.facebook.com\/greeklanguagecentre\" \/>\n<meta property=\"article:modified_time\" content=\"2025-11-27T10:21:15+00:00\" \/>\n<meta property=\"og:image\" content=\"https:\/\/greektome.greeklanguage.gr\/wp-content\/uploads\/2025\/09\/greek_to_me-logo-gradient.png\" \/>\n\t<meta property=\"og:image:width\" content=\"1250\" \/>\n\t<meta property=\"og:image:height\" content=\"1250\" \/>\n\t<meta property=\"og:image:type\" content=\"image\/png\" \/>\n<meta name=\"twitter:card\" content=\"summary_large_image\" \/>\n<meta name=\"twitter:site\" content=\"@greeklangcentre\" \/>\n<meta name=\"twitter:label1\" content=\"Dur\u00e9e de lecture estim\u00e9e\" \/>\n\t<meta name=\"twitter:data1\" content=\"5 minutes\" \/>\n<script type=\"application\/ld+json\" class=\"yoast-schema-graph\">{\"@context\":\"https:\/\/schema.org\",\"@graph\":[{\"@type\":\"WebPage\",\"@id\":\"https:\/\/greektome.greeklanguage.gr\/fr\/enseignants\/\",\"url\":\"https:\/\/greektome.greeklanguage.gr\/fr\/enseignants\/\",\"name\":\"Enseignants - \u0395\u03bb\u03bb\u03b7\u03bd\u03b9\u03ba\u03ac \u03b3\u03b9\u03b1 \u039c\u03ad\u03bd\u03b1\",\"isPartOf\":{\"@id\":\"https:\/\/greektome.greeklanguage.gr\/fr\/#website\"},\"datePublished\":\"2025-01-08T11:32:29+00:00\",\"dateModified\":\"2025-11-27T10:21:15+00:00\",\"breadcrumb\":{\"@id\":\"https:\/\/greektome.greeklanguage.gr\/fr\/enseignants\/#breadcrumb\"},\"inLanguage\":\"fr-FR\",\"potentialAction\":[{\"@type\":\"ReadAction\",\"target\":[\"https:\/\/greektome.greeklanguage.gr\/fr\/enseignants\/\"]}]},{\"@type\":\"BreadcrumbList\",\"@id\":\"https:\/\/greektome.greeklanguage.gr\/fr\/enseignants\/#breadcrumb\",\"itemListElement\":[{\"@type\":\"ListItem\",\"position\":1,\"name\":\"Home\",\"item\":\"https:\/\/greektome.greeklanguage.gr\/fr\/\"},{\"@type\":\"ListItem\",\"position\":2,\"name\":\"Enseignants\"}]},{\"@type\":\"WebSite\",\"@id\":\"https:\/\/greektome.greeklanguage.gr\/fr\/#website\",\"url\":\"https:\/\/greektome.greeklanguage.gr\/fr\/\",\"name\":\"\u0395\u03bb\u03bb\u03b7\u03bd\u03b9\u03ba\u03ac \u03b3\u03b9\u03b1 \u039c\u03ad\u03bd\u03b1\",\"description\":\"Distant learning program : Learn Modern Greek\",\"potentialAction\":[{\"@type\":\"SearchAction\",\"target\":{\"@type\":\"EntryPoint\",\"urlTemplate\":\"https:\/\/greektome.greeklanguage.gr\/fr\/?s={search_term_string}\"},\"query-input\":{\"@type\":\"PropertyValueSpecification\",\"valueRequired\":true,\"valueName\":\"search_term_string\"}}],\"inLanguage\":\"fr-FR\"}]}<\/script>\n<!-- \/ Yoast SEO plugin. -->","yoast_head_json":{"title":"Enseignants - \u0395\u03bb\u03bb\u03b7\u03bd\u03b9\u03ba\u03ac \u03b3\u03b9\u03b1 \u039c\u03ad\u03bd\u03b1","robots":{"index":"index","follow":"follow","max-snippet":"max-snippet:-1","max-image-preview":"max-image-preview:large","max-video-preview":"max-video-preview:-1"},"canonical":"https:\/\/greektome.greeklanguage.gr\/fr\/enseignants\/","og_locale":"fr_FR","og_type":"article","og_title":"Enseignants - \u0395\u03bb\u03bb\u03b7\u03bd\u03b9\u03ba\u03ac \u03b3\u03b9\u03b1 \u039c\u03ad\u03bd\u03b1","og_description":"Rencontrez nos enseignant(e)s Centre de la langue grecque Antonis Konstantinidis jorjiskonsta@gmail.com \u0393\u03b5\u03b9\u03b1 \u03c3\u03bf\u03c5! Salut! Je suis Antonis Konstantinidis, enseignant dans le programme\u00a0Learn Modern Greek Online,\u00a0dont je suis \u00e9galement le coordinateur. J\u2019enseigne le grec depuis 2012, ann\u00e9e o\u00f9 j\u2019ai termin\u00e9 ma licence en Langue et Litt\u00e9rature grecques (Universit\u00e9 Aristote de Thessalonique). Actuellement en doctorat en Linguistique [&hellip;]","og_url":"https:\/\/greektome.greeklanguage.gr\/fr\/enseignants\/","og_site_name":"\u0395\u03bb\u03bb\u03b7\u03bd\u03b9\u03ba\u03ac \u03b3\u03b9\u03b1 \u039c\u03ad\u03bd\u03b1","article_publisher":"https:\/\/www.facebook.com\/greeklanguagecentre","article_modified_time":"2025-11-27T10:21:15+00:00","og_image":[{"width":1250,"height":1250,"url":"https:\/\/greektome.greeklanguage.gr\/wp-content\/uploads\/2025\/09\/greek_to_me-logo-gradient.png","type":"image\/png"}],"twitter_card":"summary_large_image","twitter_site":"@greeklangcentre","twitter_misc":{"Dur\u00e9e de lecture estim\u00e9e":"5 minutes"},"schema":{"@context":"https:\/\/schema.org","@graph":[{"@type":"WebPage","@id":"https:\/\/greektome.greeklanguage.gr\/fr\/enseignants\/","url":"https:\/\/greektome.greeklanguage.gr\/fr\/enseignants\/","name":"Enseignants - \u0395\u03bb\u03bb\u03b7\u03bd\u03b9\u03ba\u03ac \u03b3\u03b9\u03b1 \u039c\u03ad\u03bd\u03b1","isPartOf":{"@id":"https:\/\/greektome.greeklanguage.gr\/fr\/#website"},"datePublished":"2025-01-08T11:32:29+00:00","dateModified":"2025-11-27T10:21:15+00:00","breadcrumb":{"@id":"https:\/\/greektome.greeklanguage.gr\/fr\/enseignants\/#breadcrumb"},"inLanguage":"fr-FR","potentialAction":[{"@type":"ReadAction","target":["https:\/\/greektome.greeklanguage.gr\/fr\/enseignants\/"]}]},{"@type":"BreadcrumbList","@id":"https:\/\/greektome.greeklanguage.gr\/fr\/enseignants\/#breadcrumb","itemListElement":[{"@type":"ListItem","position":1,"name":"Home","item":"https:\/\/greektome.greeklanguage.gr\/fr\/"},{"@type":"ListItem","position":2,"name":"Enseignants"}]},{"@type":"WebSite","@id":"https:\/\/greektome.greeklanguage.gr\/fr\/#website","url":"https:\/\/greektome.greeklanguage.gr\/fr\/","name":"\u0395\u03bb\u03bb\u03b7\u03bd\u03b9\u03ba\u03ac \u03b3\u03b9\u03b1 \u039c\u03ad\u03bd\u03b1","description":"Distant learning program : Learn Modern Greek","potentialAction":[{"@type":"SearchAction","target":{"@type":"EntryPoint","urlTemplate":"https:\/\/greektome.greeklanguage.gr\/fr\/?s={search_term_string}"},"query-input":{"@type":"PropertyValueSpecification","valueRequired":true,"valueName":"search_term_string"}}],"inLanguage":"fr-FR"}]}},"_links":{"self":[{"href":"https:\/\/greektome.greeklanguage.gr\/fr\/wp-json\/wp\/v2\/pages\/3200","targetHints":{"allow":["GET"]}}],"collection":[{"href":"https:\/\/greektome.greeklanguage.gr\/fr\/wp-json\/wp\/v2\/pages"}],"about":[{"href":"https:\/\/greektome.greeklanguage.gr\/fr\/wp-json\/wp\/v2\/types\/page"}],"author":[{"embeddable":true,"href":"https:\/\/greektome.greeklanguage.gr\/fr\/wp-json\/wp\/v2\/users\/1"}],"replies":[{"embeddable":true,"href":"https:\/\/greektome.greeklanguage.gr\/fr\/wp-json\/wp\/v2\/comments?post=3200"}],"version-history":[{"count":7,"href":"https:\/\/greektome.greeklanguage.gr\/fr\/wp-json\/wp\/v2\/pages\/3200\/revisions"}],"predecessor-version":[{"id":4685,"href":"https:\/\/greektome.greeklanguage.gr\/fr\/wp-json\/wp\/v2\/pages\/3200\/revisions\/4685"}],"wp:attachment":[{"href":"https:\/\/greektome.greeklanguage.gr\/fr\/wp-json\/wp\/v2\/media?parent=3200"}],"curies":[{"name":"wp","href":"https:\/\/api.w.org\/{rel}","templated":true}]}}