{"id":3201,"date":"2024-12-03T08:32:33","date_gmt":"2024-12-03T08:32:33","guid":{"rendered":"https:\/\/greektome.greeklanguage.gr\/news\/"},"modified":"2025-11-27T08:59:26","modified_gmt":"2025-11-27T08:59:26","slug":"annonces-actualites","status":"publish","type":"page","link":"https:\/\/greektome.greeklanguage.gr\/fr\/annonces-actualites\/","title":{"rendered":"Annonces \/ Actualit\u00e9s"},"content":{"rendered":"<h1>Annonces \/ Actualit\u00e9s<\/h1>\n<div>\n<p>Cours de Grec Moderne en Ligne<\/p>\n<\/div>\n<div>Abonnez-vous \u00e0 notre newsletter<\/div>\n<div>\n<p>Nous nous soucions de la protection de vos donn\u00e9es personnelles.<\/p>\n<\/div>\n<p><img decoding=\"async\" src=\"\/wp-content\/uploads\/yootheme\/blog-hero.svg\" alt=\"\"><\/p>\n<ul>\n<li>\n        <a href=\"https:\/\/greektome.greeklanguage.gr\/fr\/annonces-actualites\/\">Tout<\/a>\n    <\/li>\n<li>\n            <\/li>\n<\/ul>\n<div>\n<\/div>\n<hr>\n<p><!--more--><br \/>\n<!-- {\"type\":\"layout\",\"children\":[{\"type\":\"section\",\"props\":{\"header_transparent\":true,\"header_transparent_text_color\":\"dark\",\"image_position\":\"center-center\",\"padding\":\"large\",\"padding_remove_bottom\":true,\"style\":\"default\",\"title_breakpoint\":\"xl\",\"title_position\":\"top-left\",\"title_rotation\":\"left\",\"vertical_align\":\"\",\"width\":\"default\"},\"children\":[{\"type\":\"row\",\"props\":{\"column_gap\":\"collapse\"},\"children\":[{\"type\":\"column\",\"props\":{\"image_position\":\"center-center\",\"position_sticky_breakpoint\":\"m\"},\"children\":[{\"type\":\"headline\",\"props\":{\"content\":\"Annonces \\\/ Actualit\\u00e9s\",\"position\":\"relative\",\"position_z_index\":\"1\",\"text_align\":\"left\",\"text_align_breakpoint\":\"m\",\"text_align_fallback\":\"center\",\"title_element\":\"h1\",\"title_style\":\"heading-small\"}},{\"type\":\"text\",\"props\":{\"block_align_breakpoint\":\"m\",\"block_align_fallback\":\"center\",\"column_breakpoint\":\"m\",\"content\":\"\n\n<p>Cours de Grec Moderne en Ligne<\\\/p>\",\"margin\":\"default\",\"margin_remove_bottom\":false,\"position\":\"relative\",\"position_z_index\":\"1\",\"text_align\":\"left\",\"text_align_breakpoint\":\"m\",\"text_align_fallback\":\"center\",\"text_style\":\"lead\"}},{\"type\":\"headline\",\"props\":{\"content\":\"Abonnez-vous \\u00e0 notre newsletter\",\"margin\":\"small\",\"margin_remove_bottom\":true,\"margin_remove_top\":false,\"position\":\"relative\",\"position_z_index\":\"1\",\"text_align\":\"left\",\"text_align_breakpoint\":\"m\",\"text_align_fallback\":\"center\",\"title_element\":\"div\",\"title_style\":\"h6\"}},{\"type\":\"newsletter\",\"props\":{\"block_align_breakpoint\":\"m\",\"block_align_fallback\":\"center\",\"button_icon\":\"arrow-right\",\"button_mode\":\"icon\",\"button_style\":\"default\",\"cmonitor\":{\"client_id\":\"\",\"list_id\":\"\"},\"form_size\":\"small\",\"gap\":\"small\",\"label_button\":\"S'inscrire\",\"label_email\":\"Email\",\"label_first_name\":\"Nom\",\"label_last_name\":\"Pr\\u00e9nom\",\"layout\":\"grid\",\"mailchimp\":{\"client_id\":\"\",\"list_id\":\"\",\"double_optin\":true},\"margin\":\"small\",\"margin_remove_bottom\":true,\"margin_remove_top\":false,\"maxwidth\":\"xlarge\",\"position\":\"relative\",\"position_z_index\":\"1\",\"provider\":{\"name\":\"mailchimp\",\"after_submit\":\"message\",\"message\":\"You've been subscribed successfully.\",\"redirect\":\"\"},\"show_name\":true,\"text_align\":\"left\",\"text_align_breakpoint\":\"m\",\"text_align_fallback\":\"center\"}},{\"type\":\"text\",\"props\":{\"column_breakpoint\":\"m\",\"content\":\"\n\n<p>Nous nous soucions de la protection de vos donn\\u00e9es personnelles.<\\\/p>\",\"margin\":\"small\",\"position\":\"relative\",\"position_z_index\":\"1\",\"text_align\":\"left\",\"text_align_breakpoint\":\"m\",\"text_align_fallback\":\"center\",\"text_style\":\"meta\"}},{\"type\":\"image\",\"props\":{\"animation\":\"fade\",\"image\":\"wp-content\\\/uploads\\\/yootheme\\\/blog-hero.svg\",\"image_loading\":true,\"image_svg_animate\":false,\"image_svg_color\":\"emphasis\",\"image_svg_inline\":true,\"image_width\":\"1050\",\"margin\":\"default\",\"position\":\"absolute\",\"position_left\":\"16vw\",\"position_top\":\"-12vh\",\"position_z_index\":\"0\",\"visibility\":\"m\"}}]}]}],\"name\":\"Hero\"},{\"type\":\"section\",\"props\":{\"image_position\":\"center-center\",\"padding\":\"large\",\"padding_remove_bottom\":true,\"style\":\"default\",\"title_breakpoint\":\"xl\",\"title_position\":\"top-left\",\"title_rotation\":\"left\",\"vertical_align\":\"\",\"width\":\"large\"},\"children\":[{\"type\":\"row\",\"props\":{\"margin\":\"xlarge\",\"margin_remove_bottom\":true,\"width\":\"default\"},\"children\":[{\"type\":\"column\",\"props\":{\"image_position\":\"center-center\",\"position_sticky_breakpoint\":\"m\"},\"children\":[{\"type\":\"subnav\",\"props\":{\"subnav_style\":\"divider\",\"text_align\":\"center\"},\"children\":[{\"type\":\"subnav_item\",\"props\":{\"content\":\"Tout\",\"link\":\"fr\\\/annonces-actualites\\\/\"}},{\"type\":\"subnav_item\",\"source\":{\"query\":{\"name\":\"categories.customCategories\",\"arguments\":{\"offset\":0,\"limit\":10,\"order\":\"term_order\",\"order_direction\":\"ASC\",\"id\":0}},\"props\":{\"content\":{\"name\":\"name\"},\"link\":{\"name\":\"link\"},\"_condition\":{\"filters\":{\"condition\":\"!=\",\"condition_value\":\"les-cours\"},\"name\":\"slug\"}}}}]},{\"type\":\"grid\",\"props\":{\"content_align\":true,\"content_column_breakpoint\":\"m\",\"content_margin\":\"medium\",\"filter_align\":\"left\",\"filter_all\":true,\"filter_grid_breakpoint\":\"m\",\"filter_grid_width\":\"auto\",\"filter_position\":\"top\",\"filter_style\":\"tab\",\"grid_default\":\"1\",\"grid_medium\":\"3\",\"grid_row_gap\":\"large\",\"grid_small\":\"2\",\"icon_width\":80,\"image_align\":\"top\",\"image_grid_breakpoint\":\"m\",\"image_grid_width\":\"1-2\",\"image_link\":false,\"image_svg_color\":\"emphasis\",\"image_width\":\"610\",\"item_animation\":true,\"lightbox_bg_close\":true,\"link_style\":\"text\",\"link_text\":\"\",\"margin\":\"large\",\"meta_align\":\"above-title\",\"meta_color\":\"muted\",\"meta_element\":\"div\",\"meta_style\":\"\",\"panel_content_width\":\"small\",\"panel_expand\":\"content\",\"panel_image_no_padding\":true,\"panel_link\":true,\"panel_link_hover\":\"true\",\"panel_padding\":\"default\",\"panel_style\":\"card-default\",\"parallax_easing\":\"1\",\"show_content\":true,\"show_hover_image\":true,\"show_hover_video\":true,\"show_image\":true,\"show_link\":true,\"show_meta\":true,\"show_title\":true,\"show_video\":true,\"text_align\":\"center\",\"title_align\":\"top\",\"title_element\":\"h2\",\"title_grid_breakpoint\":\"m\",\"title_grid_width\":\"1-2\",\"title_hover_style\":\"reset\",\"title_link\":false,\"title_style\":\"h4\"},\"children\":[{\"type\":\"grid_item\",\"props\":{\"item_element\":\"article\"},\"source\":{\"query\":{\"name\":\"posts.customPosts\",\"arguments\":{\"terms\":[41,40],\"category_operator\":\"IN\",\"post_tag_operator\":\"IN\",\"users\":[],\"users_operator\":\"IN\",\"offset\":0,\"limit\":10,\"order\":\"date\",\"order_direction\":\"DESC\"}},\"props\":{\"title\":{\"filters\":{\"search\":\"\"},\"name\":\"title\"},\"image\":{\"filters\":{\"search\":\"\"},\"name\":\"field.intro_image.url\"},\"image_alt\":{\"filters\":{\"search\":\"\"},\"name\":\"field.intro_image.alt\"},\"link\":{\"filters\":{\"search\":\"\"},\"name\":\"link\"},\"meta\":{\"name\":\"date\",\"filters\":{\"date\":\"d F, Y\",\"search\":\"\"}}}}}]},{\"type\":\"pagination\",\"props\":{\"margin\":\"large\",\"pagination_type\":\"numeric\",\"text_align\":\"center\"}}]}]},{\"type\":\"row\",\"props\":{\"margin\":\"xlarge\"},\"children\":[{\"type\":\"column\",\"props\":{\"image_position\":\"center-center\",\"position_sticky_breakpoint\":\"m\"},\"children\":[{\"type\":\"divider\",\"props\":{\"divider_element\":\"hr\"}}]}]}],\"name\":\"Posts\"}],\"version\":\"4.5.32\"} --><\/p>\n","protected":false},"excerpt":{"rendered":"<p>Annonces \/ Actualit\u00e9s Cours de Grec Moderne en Ligne Abonnez-vous \u00e0 notre newsletter Nous nous soucions de la protection de vos donn\u00e9es personnelles. Tout<\/p>\n","protected":false},"author":1,"featured_media":0,"parent":0,"menu_order":0,"comment_status":"closed","ping_status":"closed","template":"","meta":{"_acf_changed":false,"footnotes":""},"class_list":["post-3201","page","type-page","status-publish","hentry"],"acf":[],"yoast_head":"<!-- This site is optimized with the Yoast SEO plugin v26.6 - https:\/\/yoast.com\/wordpress\/plugins\/seo\/ -->\n<title>Annonces \/ Actualit\u00e9s - \u0395\u03bb\u03bb\u03b7\u03bd\u03b9\u03ba\u03ac \u03b3\u03b9\u03b1 \u039c\u03ad\u03bd\u03b1<\/title>\n<meta name=\"robots\" content=\"index, follow, max-snippet:-1, max-image-preview:large, max-video-preview:-1\" \/>\n<link rel=\"canonical\" href=\"https:\/\/greektome.greeklanguage.gr\/fr\/annonces-actualites\/\" \/>\n<meta property=\"og:locale\" content=\"fr_FR\" \/>\n<meta property=\"og:type\" content=\"article\" \/>\n<meta property=\"og:title\" content=\"Annonces \/ Actualit\u00e9s - \u0395\u03bb\u03bb\u03b7\u03bd\u03b9\u03ba\u03ac \u03b3\u03b9\u03b1 \u039c\u03ad\u03bd\u03b1\" \/>\n<meta property=\"og:description\" content=\"Annonces \/ Actualit\u00e9s Cours de Grec Moderne en Ligne Abonnez-vous \u00e0 notre newsletter Nous nous soucions de la protection de vos donn\u00e9es personnelles. Tout\" \/>\n<meta property=\"og:url\" content=\"https:\/\/greektome.greeklanguage.gr\/fr\/annonces-actualites\/\" \/>\n<meta property=\"og:site_name\" content=\"\u0395\u03bb\u03bb\u03b7\u03bd\u03b9\u03ba\u03ac \u03b3\u03b9\u03b1 \u039c\u03ad\u03bd\u03b1\" \/>\n<meta property=\"article:publisher\" content=\"https:\/\/www.facebook.com\/greeklanguagecentre\" \/>\n<meta property=\"article:modified_time\" content=\"2025-11-27T08:59:26+00:00\" \/>\n<meta property=\"og:image\" content=\"https:\/\/greektome.greeklanguage.gr\/wp-content\/uploads\/2025\/09\/greek_to_me-logo-gradient.png\" \/>\n\t<meta property=\"og:image:width\" content=\"1250\" \/>\n\t<meta property=\"og:image:height\" content=\"1250\" \/>\n\t<meta property=\"og:image:type\" content=\"image\/png\" \/>\n<meta name=\"twitter:card\" content=\"summary_large_image\" \/>\n<meta name=\"twitter:site\" content=\"@greeklangcentre\" \/>\n<meta name=\"twitter:label1\" content=\"Dur\u00e9e de lecture estim\u00e9e\" \/>\n\t<meta name=\"twitter:data1\" content=\"1 minute\" \/>\n<script type=\"application\/ld+json\" class=\"yoast-schema-graph\">{\"@context\":\"https:\/\/schema.org\",\"@graph\":[{\"@type\":\"WebPage\",\"@id\":\"https:\/\/greektome.greeklanguage.gr\/fr\/annonces-actualites\/\",\"url\":\"https:\/\/greektome.greeklanguage.gr\/fr\/annonces-actualites\/\",\"name\":\"Annonces \/ Actualit\u00e9s - \u0395\u03bb\u03bb\u03b7\u03bd\u03b9\u03ba\u03ac \u03b3\u03b9\u03b1 \u039c\u03ad\u03bd\u03b1\",\"isPartOf\":{\"@id\":\"https:\/\/greektome.greeklanguage.gr\/fr\/#website\"},\"datePublished\":\"2024-12-03T08:32:33+00:00\",\"dateModified\":\"2025-11-27T08:59:26+00:00\",\"breadcrumb\":{\"@id\":\"https:\/\/greektome.greeklanguage.gr\/fr\/annonces-actualites\/#breadcrumb\"},\"inLanguage\":\"fr-FR\",\"potentialAction\":[{\"@type\":\"ReadAction\",\"target\":[\"https:\/\/greektome.greeklanguage.gr\/fr\/annonces-actualites\/\"]}]},{\"@type\":\"BreadcrumbList\",\"@id\":\"https:\/\/greektome.greeklanguage.gr\/fr\/annonces-actualites\/#breadcrumb\",\"itemListElement\":[{\"@type\":\"ListItem\",\"position\":1,\"name\":\"Home\",\"item\":\"https:\/\/greektome.greeklanguage.gr\/fr\/\"},{\"@type\":\"ListItem\",\"position\":2,\"name\":\"Annonces \/ Actualit\u00e9s\"}]},{\"@type\":\"WebSite\",\"@id\":\"https:\/\/greektome.greeklanguage.gr\/fr\/#website\",\"url\":\"https:\/\/greektome.greeklanguage.gr\/fr\/\",\"name\":\"\u0395\u03bb\u03bb\u03b7\u03bd\u03b9\u03ba\u03ac \u03b3\u03b9\u03b1 \u039c\u03ad\u03bd\u03b1\",\"description\":\"Distant learning program : Learn Modern Greek\",\"potentialAction\":[{\"@type\":\"SearchAction\",\"target\":{\"@type\":\"EntryPoint\",\"urlTemplate\":\"https:\/\/greektome.greeklanguage.gr\/fr\/?s={search_term_string}\"},\"query-input\":{\"@type\":\"PropertyValueSpecification\",\"valueRequired\":true,\"valueName\":\"search_term_string\"}}],\"inLanguage\":\"fr-FR\"}]}<\/script>\n<!-- \/ Yoast SEO plugin. -->","yoast_head_json":{"title":"Annonces \/ Actualit\u00e9s - \u0395\u03bb\u03bb\u03b7\u03bd\u03b9\u03ba\u03ac \u03b3\u03b9\u03b1 \u039c\u03ad\u03bd\u03b1","robots":{"index":"index","follow":"follow","max-snippet":"max-snippet:-1","max-image-preview":"max-image-preview:large","max-video-preview":"max-video-preview:-1"},"canonical":"https:\/\/greektome.greeklanguage.gr\/fr\/annonces-actualites\/","og_locale":"fr_FR","og_type":"article","og_title":"Annonces \/ Actualit\u00e9s - \u0395\u03bb\u03bb\u03b7\u03bd\u03b9\u03ba\u03ac \u03b3\u03b9\u03b1 \u039c\u03ad\u03bd\u03b1","og_description":"Annonces \/ Actualit\u00e9s Cours de Grec Moderne en Ligne Abonnez-vous \u00e0 notre newsletter Nous nous soucions de la protection de vos donn\u00e9es personnelles. Tout","og_url":"https:\/\/greektome.greeklanguage.gr\/fr\/annonces-actualites\/","og_site_name":"\u0395\u03bb\u03bb\u03b7\u03bd\u03b9\u03ba\u03ac \u03b3\u03b9\u03b1 \u039c\u03ad\u03bd\u03b1","article_publisher":"https:\/\/www.facebook.com\/greeklanguagecentre","article_modified_time":"2025-11-27T08:59:26+00:00","og_image":[{"width":1250,"height":1250,"url":"https:\/\/greektome.greeklanguage.gr\/wp-content\/uploads\/2025\/09\/greek_to_me-logo-gradient.png","type":"image\/png"}],"twitter_card":"summary_large_image","twitter_site":"@greeklangcentre","twitter_misc":{"Dur\u00e9e de lecture estim\u00e9e":"1 minute"},"schema":{"@context":"https:\/\/schema.org","@graph":[{"@type":"WebPage","@id":"https:\/\/greektome.greeklanguage.gr\/fr\/annonces-actualites\/","url":"https:\/\/greektome.greeklanguage.gr\/fr\/annonces-actualites\/","name":"Annonces \/ Actualit\u00e9s - \u0395\u03bb\u03bb\u03b7\u03bd\u03b9\u03ba\u03ac \u03b3\u03b9\u03b1 \u039c\u03ad\u03bd\u03b1","isPartOf":{"@id":"https:\/\/greektome.greeklanguage.gr\/fr\/#website"},"datePublished":"2024-12-03T08:32:33+00:00","dateModified":"2025-11-27T08:59:26+00:00","breadcrumb":{"@id":"https:\/\/greektome.greeklanguage.gr\/fr\/annonces-actualites\/#breadcrumb"},"inLanguage":"fr-FR","potentialAction":[{"@type":"ReadAction","target":["https:\/\/greektome.greeklanguage.gr\/fr\/annonces-actualites\/"]}]},{"@type":"BreadcrumbList","@id":"https:\/\/greektome.greeklanguage.gr\/fr\/annonces-actualites\/#breadcrumb","itemListElement":[{"@type":"ListItem","position":1,"name":"Home","item":"https:\/\/greektome.greeklanguage.gr\/fr\/"},{"@type":"ListItem","position":2,"name":"Annonces \/ Actualit\u00e9s"}]},{"@type":"WebSite","@id":"https:\/\/greektome.greeklanguage.gr\/fr\/#website","url":"https:\/\/greektome.greeklanguage.gr\/fr\/","name":"\u0395\u03bb\u03bb\u03b7\u03bd\u03b9\u03ba\u03ac \u03b3\u03b9\u03b1 \u039c\u03ad\u03bd\u03b1","description":"Distant learning program : Learn Modern Greek","potentialAction":[{"@type":"SearchAction","target":{"@type":"EntryPoint","urlTemplate":"https:\/\/greektome.greeklanguage.gr\/fr\/?s={search_term_string}"},"query-input":{"@type":"PropertyValueSpecification","valueRequired":true,"valueName":"search_term_string"}}],"inLanguage":"fr-FR"}]}},"_links":{"self":[{"href":"https:\/\/greektome.greeklanguage.gr\/fr\/wp-json\/wp\/v2\/pages\/3201","targetHints":{"allow":["GET"]}}],"collection":[{"href":"https:\/\/greektome.greeklanguage.gr\/fr\/wp-json\/wp\/v2\/pages"}],"about":[{"href":"https:\/\/greektome.greeklanguage.gr\/fr\/wp-json\/wp\/v2\/types\/page"}],"author":[{"embeddable":true,"href":"https:\/\/greektome.greeklanguage.gr\/fr\/wp-json\/wp\/v2\/users\/1"}],"replies":[{"embeddable":true,"href":"https:\/\/greektome.greeklanguage.gr\/fr\/wp-json\/wp\/v2\/comments?post=3201"}],"version-history":[{"count":6,"href":"https:\/\/greektome.greeklanguage.gr\/fr\/wp-json\/wp\/v2\/pages\/3201\/revisions"}],"predecessor-version":[{"id":4684,"href":"https:\/\/greektome.greeklanguage.gr\/fr\/wp-json\/wp\/v2\/pages\/3201\/revisions\/4684"}],"wp:attachment":[{"href":"https:\/\/greektome.greeklanguage.gr\/fr\/wp-json\/wp\/v2\/media?parent=3201"}],"curies":[{"name":"wp","href":"https:\/\/api.w.org\/{rel}","templated":true}]}}